{"id":4855,"date":"2023-03-24T20:03:32","date_gmt":"2023-03-24T19:03:32","guid":{"rendered":"https:\/\/meritoros.pl\/?page_id=4855"},"modified":"2025-05-19T11:07:30","modified_gmt":"2025-05-19T09:07:30","slug":"outsourcing-ksiegowosci-oraz-kadr-i-plac","status":"publish","type":"page","link":"https:\/\/meritoros.pl\/pl\/outsourcing-ksiegowosci-oraz-kadr-i-plac\/","title":{"rendered":"Outsourcing ksi\u0119gowo\u015bci oraz kadr i p\u0142ac"},"content":{"rendered":"","protected":false},"excerpt":{"rendered":"","protected":false},"author":4,"featured_media":0,"parent":0,"menu_order":0,"comment_status":"closed","ping_status":"closed","template":"page-templates\/services.php","meta":{"_acf_changed":true,"inline_featured_image":false,"footnotes":""},"class_list":["post-4855","page","type-page","status-publish","hentry"],"acf":[],"yoast_head":"<!-- This site is optimized with the Yoast SEO plugin v27.4 - https:\/\/yoast.com\/product\/yoast-seo-wordpress\/ -->\n<title>Outsourcing ksi\u0119gowo\u015bci oraz kadr i p\u0142ac - Meritoros<\/title>\n<meta name=\"robots\" content=\"index, follow, max-snippet:-1, max-image-preview:large, max-video-preview:-1\" \/>\n<link rel=\"canonical\" href=\"https:\/\/meritoros.pl\/pl\/outsourcing-ksiegowosci-oraz-kadr-i-plac\/\" \/>\n<meta property=\"og:locale\" content=\"pl_PL\" \/>\n<meta property=\"og:type\" content=\"article\" \/>\n<meta property=\"og:title\" content=\"Outsourcing ksi\u0119gowo\u015bci oraz kadr i p\u0142ac - Meritoros\" \/>\n<meta property=\"og:url\" content=\"https:\/\/meritoros.pl\/pl\/outsourcing-ksiegowosci-oraz-kadr-i-plac\/\" \/>\n<meta property=\"og:site_name\" content=\"Meritoros\" \/>\n<meta property=\"article:modified_time\" content=\"2025-05-19T09:07:30+00:00\" \/>\n<meta name=\"twitter:card\" content=\"summary_large_image\" \/>\n<script type=\"application\/ld+json\" class=\"yoast-schema-graph\">{\"@context\":\"https:\\\/\\\/schema.org\",\"@graph\":[{\"@type\":\"WebPage\",\"@id\":\"https:\\\/\\\/meritoros.pl\\\/pl\\\/outsourcing-ksiegowosci-oraz-kadr-i-plac\\\/\",\"url\":\"https:\\\/\\\/meritoros.pl\\\/pl\\\/outsourcing-ksiegowosci-oraz-kadr-i-plac\\\/\",\"name\":\"Outsourcing ksi\u0119gowo\u015bci oraz kadr i p\u0142ac - Meritoros\",\"isPartOf\":{\"@id\":\"https:\\\/\\\/meritoros.pl\\\/pl\\\/#website\"},\"datePublished\":\"2023-03-24T19:03:32+00:00\",\"dateModified\":\"2025-05-19T09:07:30+00:00\",\"breadcrumb\":{\"@id\":\"https:\\\/\\\/meritoros.pl\\\/pl\\\/outsourcing-ksiegowosci-oraz-kadr-i-plac\\\/#breadcrumb\"},\"inLanguage\":\"pl-PL\",\"potentialAction\":[{\"@type\":\"ReadAction\",\"target\":[\"https:\\\/\\\/meritoros.pl\\\/pl\\\/outsourcing-ksiegowosci-oraz-kadr-i-plac\\\/\"]}]},{\"@type\":\"BreadcrumbList\",\"@id\":\"https:\\\/\\\/meritoros.pl\\\/pl\\\/outsourcing-ksiegowosci-oraz-kadr-i-plac\\\/#breadcrumb\",\"itemListElement\":[{\"@type\":\"ListItem\",\"position\":1,\"name\":\"Home\",\"item\":\"https:\\\/\\\/meritoros.pl\\\/pl\\\/\"},{\"@type\":\"ListItem\",\"position\":2,\"name\":\"Outsourcing ksi\u0119gowo\u015bci oraz kadr i p\u0142ac\"}]},{\"@type\":\"WebSite\",\"@id\":\"https:\\\/\\\/meritoros.pl\\\/pl\\\/#website\",\"url\":\"https:\\\/\\\/meritoros.pl\\\/pl\\\/\",\"name\":\"Meritoros\",\"description\":\"Outsourcing us\u0142ug biznesowych\",\"potentialAction\":[{\"@type\":\"SearchAction\",\"target\":{\"@type\":\"EntryPoint\",\"urlTemplate\":\"https:\\\/\\\/meritoros.pl\\\/pl\\\/?s={search_term_string}\"},\"query-input\":{\"@type\":\"PropertyValueSpecification\",\"valueRequired\":true,\"valueName\":\"search_term_string\"}}],\"inLanguage\":\"pl-PL\"}]}<\/script>\n<!-- \/ Yoast SEO plugin. -->","yoast_head_json":{"title":"Outsourcing ksi\u0119gowo\u015bci oraz kadr i p\u0142ac - Meritoros","robots":{"index":"index","follow":"follow","max-snippet":"max-snippet:-1","max-image-preview":"max-image-preview:large","max-video-preview":"max-video-preview:-1"},"canonical":"https:\/\/meritoros.pl\/pl\/outsourcing-ksiegowosci-oraz-kadr-i-plac\/","og_locale":"pl_PL","og_type":"article","og_title":"Outsourcing ksi\u0119gowo\u015bci oraz kadr i p\u0142ac - Meritoros","og_url":"https:\/\/meritoros.pl\/pl\/outsourcing-ksiegowosci-oraz-kadr-i-plac\/","og_site_name":"Meritoros","article_modified_time":"2025-05-19T09:07:30+00:00","twitter_card":"summary_large_image","schema":{"@context":"https:\/\/schema.org","@graph":[{"@type":"WebPage","@id":"https:\/\/meritoros.pl\/pl\/outsourcing-ksiegowosci-oraz-kadr-i-plac\/","url":"https:\/\/meritoros.pl\/pl\/outsourcing-ksiegowosci-oraz-kadr-i-plac\/","name":"Outsourcing ksi\u0119gowo\u015bci oraz kadr i p\u0142ac - Meritoros","isPartOf":{"@id":"https:\/\/meritoros.pl\/pl\/#website"},"datePublished":"2023-03-24T19:03:32+00:00","dateModified":"2025-05-19T09:07:30+00:00","breadcrumb":{"@id":"https:\/\/meritoros.pl\/pl\/outsourcing-ksiegowosci-oraz-kadr-i-plac\/#breadcrumb"},"inLanguage":"pl-PL","potentialAction":[{"@type":"ReadAction","target":["https:\/\/meritoros.pl\/pl\/outsourcing-ksiegowosci-oraz-kadr-i-plac\/"]}]},{"@type":"BreadcrumbList","@id":"https:\/\/meritoros.pl\/pl\/outsourcing-ksiegowosci-oraz-kadr-i-plac\/#breadcrumb","itemListElement":[{"@type":"ListItem","position":1,"name":"Home","item":"https:\/\/meritoros.pl\/pl\/"},{"@type":"ListItem","position":2,"name":"Outsourcing ksi\u0119gowo\u015bci oraz kadr i p\u0142ac"}]},{"@type":"WebSite","@id":"https:\/\/meritoros.pl\/pl\/#website","url":"https:\/\/meritoros.pl\/pl\/","name":"Meritoros","description":"Outsourcing us\u0142ug biznesowych","potentialAction":[{"@type":"SearchAction","target":{"@type":"EntryPoint","urlTemplate":"https:\/\/meritoros.pl\/pl\/?s={search_term_string}"},"query-input":{"@type":"PropertyValueSpecification","valueRequired":true,"valueName":"search_term_string"}}],"inLanguage":"pl-PL"}]}},"_links":{"self":[{"href":"https:\/\/meritoros.pl\/pl\/wp-json\/wp\/v2\/pages\/4855","targetHints":{"allow":["GET"]}}],"collection":[{"href":"https:\/\/meritoros.pl\/pl\/wp-json\/wp\/v2\/pages"}],"about":[{"href":"https:\/\/meritoros.pl\/pl\/wp-json\/wp\/v2\/types\/page"}],"author":[{"embeddable":true,"href":"https:\/\/meritoros.pl\/pl\/wp-json\/wp\/v2\/users\/4"}],"replies":[{"embeddable":true,"href":"https:\/\/meritoros.pl\/pl\/wp-json\/wp\/v2\/comments?post=4855"}],"version-history":[{"count":0,"href":"https:\/\/meritoros.pl\/pl\/wp-json\/wp\/v2\/pages\/4855\/revisions"}],"wp:attachment":[{"href":"https:\/\/meritoros.pl\/pl\/wp-json\/wp\/v2\/media?parent=4855"}],"curies":[{"name":"wp","href":"https:\/\/api.w.org\/{rel}","templated":true}]}}