{"id":15182,"date":"2026-03-16T11:02:50","date_gmt":"2026-03-16T10:02:50","guid":{"rendered":"https:\/\/meritoros.pl\/?page_id=15182"},"modified":"2026-04-09T13:11:04","modified_gmt":"2026-04-09T11:11:04","slug":"ksiegowa-ksiegowy-z-jezykiem-ukrainskim","status":"publish","type":"page","link":"https:\/\/meritoros.pl\/pl\/oferty-pracy\/ksiegowa-ksiegowy-z-jezykiem-ukrainskim\/","title":{"rendered":"Ksi\u0119gowa\/Ksi\u0119gowy z j\u0119zykiem ukrai\u0144skim"},"content":{"rendered":"","protected":false},"excerpt":{"rendered":"","protected":false},"author":2,"featured_media":0,"parent":227,"menu_order":0,"comment_status":"closed","ping_status":"closed","template":"page-templates\/job-offer.php","meta":{"_acf_changed":true,"inline_featured_image":false,"footnotes":""},"class_list":["post-15182","page","type-page","status-publish","hentry"],"acf":[],"yoast_head":"<!-- This site is optimized with the Yoast SEO plugin v27.4 - https:\/\/yoast.com\/product\/yoast-seo-wordpress\/ -->\n<title>Ksi\u0119gowa\/Ksi\u0119gowy z j\u0119zykiem ukrai\u0144skim - Meritoros<\/title>\n<meta name=\"robots\" content=\"index, follow, max-snippet:-1, max-image-preview:large, max-video-preview:-1\" \/>\n<link rel=\"canonical\" href=\"https:\/\/meritoros.pl\/pl\/oferty-pracy\/ksiegowa-ksiegowy-z-jezykiem-ukrainskim\/\" \/>\n<meta property=\"og:locale\" content=\"pl_PL\" \/>\n<meta property=\"og:type\" content=\"article\" \/>\n<meta property=\"og:title\" content=\"Ksi\u0119gowa\/Ksi\u0119gowy z j\u0119zykiem ukrai\u0144skim - Meritoros\" \/>\n<meta property=\"og:url\" content=\"https:\/\/meritoros.pl\/pl\/oferty-pracy\/ksiegowa-ksiegowy-z-jezykiem-ukrainskim\/\" \/>\n<meta property=\"og:site_name\" content=\"Meritoros\" \/>\n<meta property=\"article:modified_time\" content=\"2026-04-09T11:11:04+00:00\" \/>\n<meta name=\"twitter:card\" content=\"summary_large_image\" \/>\n<script type=\"application\/ld+json\" class=\"yoast-schema-graph\">{\"@context\":\"https:\\\/\\\/schema.org\",\"@graph\":[{\"@type\":\"WebPage\",\"@id\":\"https:\\\/\\\/meritoros.pl\\\/pl\\\/oferty-pracy\\\/ksiegowa-ksiegowy-z-jezykiem-ukrainskim\\\/\",\"url\":\"https:\\\/\\\/meritoros.pl\\\/pl\\\/oferty-pracy\\\/ksiegowa-ksiegowy-z-jezykiem-ukrainskim\\\/\",\"name\":\"Ksi\u0119gowa\\\/Ksi\u0119gowy z j\u0119zykiem ukrai\u0144skim - Meritoros\",\"isPartOf\":{\"@id\":\"https:\\\/\\\/meritoros.pl\\\/pl\\\/#website\"},\"datePublished\":\"2026-03-16T10:02:50+00:00\",\"dateModified\":\"2026-04-09T11:11:04+00:00\",\"breadcrumb\":{\"@id\":\"https:\\\/\\\/meritoros.pl\\\/pl\\\/oferty-pracy\\\/ksiegowa-ksiegowy-z-jezykiem-ukrainskim\\\/#breadcrumb\"},\"inLanguage\":\"pl-PL\",\"potentialAction\":[{\"@type\":\"ReadAction\",\"target\":[\"https:\\\/\\\/meritoros.pl\\\/pl\\\/oferty-pracy\\\/ksiegowa-ksiegowy-z-jezykiem-ukrainskim\\\/\"]}]},{\"@type\":\"BreadcrumbList\",\"@id\":\"https:\\\/\\\/meritoros.pl\\\/pl\\\/oferty-pracy\\\/ksiegowa-ksiegowy-z-jezykiem-ukrainskim\\\/#breadcrumb\",\"itemListElement\":[{\"@type\":\"ListItem\",\"position\":1,\"name\":\"Home\",\"item\":\"https:\\\/\\\/meritoros.pl\\\/pl\\\/\"},{\"@type\":\"ListItem\",\"position\":2,\"name\":\"Oferty pracy\",\"item\":\"https:\\\/\\\/meritoros.pl\\\/pl\\\/oferty-pracy\\\/\"},{\"@type\":\"ListItem\",\"position\":3,\"name\":\"Ksi\u0119gowa\\\/Ksi\u0119gowy z j\u0119zykiem ukrai\u0144skim\"}]},{\"@type\":\"WebSite\",\"@id\":\"https:\\\/\\\/meritoros.pl\\\/pl\\\/#website\",\"url\":\"https:\\\/\\\/meritoros.pl\\\/pl\\\/\",\"name\":\"Meritoros\",\"description\":\"Outsourcing us\u0142ug biznesowych\",\"potentialAction\":[{\"@type\":\"SearchAction\",\"target\":{\"@type\":\"EntryPoint\",\"urlTemplate\":\"https:\\\/\\\/meritoros.pl\\\/pl\\\/?s={search_term_string}\"},\"query-input\":{\"@type\":\"PropertyValueSpecification\",\"valueRequired\":true,\"valueName\":\"search_term_string\"}}],\"inLanguage\":\"pl-PL\"}]}<\/script>\n<!-- \/ Yoast SEO plugin. -->","yoast_head_json":{"title":"Ksi\u0119gowa\/Ksi\u0119gowy z j\u0119zykiem ukrai\u0144skim - Meritoros","robots":{"index":"index","follow":"follow","max-snippet":"max-snippet:-1","max-image-preview":"max-image-preview:large","max-video-preview":"max-video-preview:-1"},"canonical":"https:\/\/meritoros.pl\/pl\/oferty-pracy\/ksiegowa-ksiegowy-z-jezykiem-ukrainskim\/","og_locale":"pl_PL","og_type":"article","og_title":"Ksi\u0119gowa\/Ksi\u0119gowy z j\u0119zykiem ukrai\u0144skim - Meritoros","og_url":"https:\/\/meritoros.pl\/pl\/oferty-pracy\/ksiegowa-ksiegowy-z-jezykiem-ukrainskim\/","og_site_name":"Meritoros","article_modified_time":"2026-04-09T11:11:04+00:00","twitter_card":"summary_large_image","schema":{"@context":"https:\/\/schema.org","@graph":[{"@type":"WebPage","@id":"https:\/\/meritoros.pl\/pl\/oferty-pracy\/ksiegowa-ksiegowy-z-jezykiem-ukrainskim\/","url":"https:\/\/meritoros.pl\/pl\/oferty-pracy\/ksiegowa-ksiegowy-z-jezykiem-ukrainskim\/","name":"Ksi\u0119gowa\/Ksi\u0119gowy z j\u0119zykiem ukrai\u0144skim - Meritoros","isPartOf":{"@id":"https:\/\/meritoros.pl\/pl\/#website"},"datePublished":"2026-03-16T10:02:50+00:00","dateModified":"2026-04-09T11:11:04+00:00","breadcrumb":{"@id":"https:\/\/meritoros.pl\/pl\/oferty-pracy\/ksiegowa-ksiegowy-z-jezykiem-ukrainskim\/#breadcrumb"},"inLanguage":"pl-PL","potentialAction":[{"@type":"ReadAction","target":["https:\/\/meritoros.pl\/pl\/oferty-pracy\/ksiegowa-ksiegowy-z-jezykiem-ukrainskim\/"]}]},{"@type":"BreadcrumbList","@id":"https:\/\/meritoros.pl\/pl\/oferty-pracy\/ksiegowa-ksiegowy-z-jezykiem-ukrainskim\/#breadcrumb","itemListElement":[{"@type":"ListItem","position":1,"name":"Home","item":"https:\/\/meritoros.pl\/pl\/"},{"@type":"ListItem","position":2,"name":"Oferty pracy","item":"https:\/\/meritoros.pl\/pl\/oferty-pracy\/"},{"@type":"ListItem","position":3,"name":"Ksi\u0119gowa\/Ksi\u0119gowy z j\u0119zykiem ukrai\u0144skim"}]},{"@type":"WebSite","@id":"https:\/\/meritoros.pl\/pl\/#website","url":"https:\/\/meritoros.pl\/pl\/","name":"Meritoros","description":"Outsourcing us\u0142ug biznesowych","potentialAction":[{"@type":"SearchAction","target":{"@type":"EntryPoint","urlTemplate":"https:\/\/meritoros.pl\/pl\/?s={search_term_string}"},"query-input":{"@type":"PropertyValueSpecification","valueRequired":true,"valueName":"search_term_string"}}],"inLanguage":"pl-PL"}]}},"_links":{"self":[{"href":"https:\/\/meritoros.pl\/pl\/wp-json\/wp\/v2\/pages\/15182","targetHints":{"allow":["GET"]}}],"collection":[{"href":"https:\/\/meritoros.pl\/pl\/wp-json\/wp\/v2\/pages"}],"about":[{"href":"https:\/\/meritoros.pl\/pl\/wp-json\/wp\/v2\/types\/page"}],"author":[{"embeddable":true,"href":"https:\/\/meritoros.pl\/pl\/wp-json\/wp\/v2\/users\/2"}],"replies":[{"embeddable":true,"href":"https:\/\/meritoros.pl\/pl\/wp-json\/wp\/v2\/comments?post=15182"}],"version-history":[{"count":0,"href":"https:\/\/meritoros.pl\/pl\/wp-json\/wp\/v2\/pages\/15182\/revisions"}],"up":[{"embeddable":true,"href":"https:\/\/meritoros.pl\/pl\/wp-json\/wp\/v2\/pages\/227"}],"wp:attachment":[{"href":"https:\/\/meritoros.pl\/pl\/wp-json\/wp\/v2\/media?parent=15182"}],"curies":[{"name":"wp","href":"https:\/\/api.w.org\/{rel}","templated":true}]}}